{"id":6600,"date":"2022-12-17T14:54:37","date_gmt":"2022-12-17T13:54:37","guid":{"rendered":"https:\/\/societaitalianamanagement.it\/?post_type=product&#038;p=6600"},"modified":"2024-12-04T14:08:10","modified_gmt":"2024-12-04T13:08:10","slug":"ricercatori","status":"publish","type":"product","link":"https:\/\/societaitalianamanagement.it\/en\/product\/ricercatori\/","title":{"rendered":"Researchers"},"content":{"rendered":"<p><span style=\"color: #ff0000; font-size: 10pt;\"><strong>Attenzione l&#8217;iscrizione sar\u00e0 confermata a seguito della verifica del libro Soci che dovr\u00e0 rispecchiare le quote regolarmente pagate annualmente come da articolo 13 e 14 dello statuto.<\/strong><\/span><\/p>\n<h3>Scopri i vantaggi di associarti<\/h3>\n<p>&nbsp;<\/p>\n<p><span style=\"font-size: 14pt;\"><em><strong>AIDEA<\/strong><\/em><\/span><\/p>\n<p>Associandosi a SIMA, si \u00e8 automaticamente soci di AIDEA. AIDEA svolge un ruolo istituzionale a favore della comunit\u00e0 di tutti gli aziendalisti. Fornisce i seguenti servizi di memebership: newsletter, partecipazione a premi e award (per es. Premio Imprenditorialit\u00e0 in collaborazione con Invitalia), informazioni su bandi per phd course, iniziative per gli early career. Ad AIDEA \u00e8 associata la rivista: International Journal of Management and Governance.<\/p>\n<p>Per saperne di pi\u00f9:<\/p>\n<p><a href=\"https:\/\/www.accademiaaidea.it\/\">https:\/\/www.accademiaaidea.it\/<\/a><\/p>\n<p>&nbsp;<\/p>\n<p><span style=\"font-size: 14pt;\"><em><strong>BAM<\/strong><\/em><\/span><\/p>\n<p>La Dual membership SIMA-BAM consente di avere i seguenti benefici: accesso a eventi di formazione rivolti a selezionati segmenti target (Career Development Programmes); opportunit\u00e0 di networking e di paper development\u00a0\u00a0grazie alla partecipazione alla Annual Conference di BAM; coinvolgimento nelle iniziative promosse dai diversi Strategic Interest Groups e altri networks; accesso ai diversi journal associati a BAM (tra cui British Journal of Management), informazioni su Special Issues, altri servizi collegati alla membership quali newsletter, coinvolgimento per awards, grants, eventi (seminari, workshop, ecc.) ecc. Si segnala in particolare l\u2019iniziativa &#8220;International collaborative research grant scheme&#8221; che valorizza e finanzia studi presentati e condotti in collaborazione da ricercatori SIMA e ricercatori BAM insieme.<\/p>\n<p>Per saperne di pi\u00f9:<\/p>\n<p><a href=\"https:\/\/www.bam.ac.uk\/membership\/membership-benefits.html\">https:\/\/www.bam.ac.uk\/membership\/membership-benefits.html<\/a><\/p>\n<p>&nbsp;<\/p>\n<p><span style=\"font-size: 14pt;\"><em><strong>EURAM<\/strong><\/em><\/span><\/p>\n<p>La Dual membership SIMA-EURAM consente di avere i seguenti benefici: accesso alla Newsletter EURAM, a importanti riviste accademiche (European Management Review e altri 14 journal), informazioni sui soci (E-directory) e sul Job Market; accesso a eventi rivolti a selezionati segmenti target (doctoral candidates, early career professionals, research directors), informazione su awards e grants; partecipazione alla governance di EURAM; coinvolgimento nelle iniziative promosse dai diversi Strategic Interest Groups.<\/p>\n<p>Per saperne di pi\u00f9:<\/p>\n<p><a href=\"https:\/\/euram.academy\/euram?service=info&amp;d=memberships_benefits\">https:\/\/euram.academy\/euram?service=info&amp;d=memberships_benefits<\/a><\/p>\n<p>&nbsp;<\/p>","protected":false},"excerpt":{"rendered":"<p>Seleziona il piano di adesioni di tuo interesse. Lo status di Socio ti avvantagger\u00e0 nelle quote d\u2019iscrizione al convegno, ti aprir\u00e0 numerose opportunit\u00e0 e garantir\u00e0 accesso alle sezioni del sito riservate solo ai soci SIMA<\/p>","protected":false},"featured_media":6605,"template":"","meta":{"_links_to":"","_links_to_target":""},"product_brand":[],"product_cat":[47],"product_tag":[],"class_list":{"0":"post-6600","1":"product","2":"type-product","3":"status-publish","4":"has-post-thumbnail","6":"product_cat-iscrizioni","8":"first","9":"instock","10":"sold-individually","11":"shipping-taxable","12":"purchasable","13":"product-type-variable"},"yoast_head":"<!-- This site is optimized with the Yoast SEO Premium plugin v21.3 (Yoast SEO v27.5) - https:\/\/yoast.com\/product\/yoast-seo-premium-wordpress\/ -->\n<title>Ricercatori - SIMA - Societ&agrave; Italiana di Management<\/title>\n<meta name=\"robots\" content=\"index, follow, max-snippet:-1, max-image-preview:large, max-video-preview:-1\" \/>\n<link rel=\"canonical\" href=\"https:\/\/societaitalianamanagement.it\/en\/product\/ricercatori\/\" \/>\n<meta property=\"og:locale\" content=\"en_GB\" \/>\n<meta property=\"og:type\" content=\"article\" \/>\n<meta property=\"og:title\" content=\"Ricercatori\" \/>\n<meta property=\"og:description\" content=\"Seleziona il piano di adesioni di tuo interesse. Lo status di Socio ti avvantagger\u00e0 nelle quote d\u2019iscrizione al convegno, ti aprir\u00e0 numerose opportunit\u00e0 e garantir\u00e0 accesso alle sezioni del sito riservate solo ai soci SIMA\" \/>\n<meta property=\"og:url\" content=\"https:\/\/societaitalianamanagement.it\/en\/product\/ricercatori\/\" \/>\n<meta property=\"og:site_name\" content=\"SIMA - Societ&agrave; Italiana di Management\" \/>\n<meta property=\"article:modified_time\" content=\"2024-12-04T13:08:10+00:00\" \/>\n<meta property=\"og:image\" content=\"https:\/\/societaitalianamanagement.it\/wp-content\/uploads\/2022\/12\/ricercatori.jpg\" \/>\n\t<meta property=\"og:image:width\" content=\"588\" \/>\n\t<meta property=\"og:image:height\" content=\"385\" \/>\n\t<meta property=\"og:image:type\" content=\"image\/jpeg\" \/>\n<meta name=\"twitter:card\" content=\"summary_large_image\" \/>\n<meta name=\"twitter:label1\" content=\"Estimated reading time\" \/>\n\t<meta name=\"twitter:data1\" content=\"2 minutes\" \/>\n<script type=\"application\/ld+json\" class=\"yoast-schema-graph\">{\"@context\":\"https:\\\/\\\/schema.org\",\"@graph\":[{\"@type\":\"WebPage\",\"@id\":\"https:\\\/\\\/societaitalianamanagement.it\\\/prodotto\\\/ricercatori\\\/\",\"url\":\"https:\\\/\\\/societaitalianamanagement.it\\\/prodotto\\\/ricercatori\\\/\",\"name\":\"Ricercatori - SIMA - Societ&agrave; Italiana di Management\",\"isPartOf\":{\"@id\":\"https:\\\/\\\/societaitalianamanagement.it\\\/#website\"},\"primaryImageOfPage\":{\"@id\":\"https:\\\/\\\/societaitalianamanagement.it\\\/prodotto\\\/ricercatori\\\/#primaryimage\"},\"image\":{\"@id\":\"https:\\\/\\\/societaitalianamanagement.it\\\/prodotto\\\/ricercatori\\\/#primaryimage\"},\"thumbnailUrl\":\"https:\\\/\\\/societaitalianamanagement.it\\\/wp-content\\\/uploads\\\/2022\\\/12\\\/ricercatori.jpg\",\"datePublished\":\"2022-12-17T13:54:37+00:00\",\"dateModified\":\"2024-12-04T13:08:10+00:00\",\"breadcrumb\":{\"@id\":\"https:\\\/\\\/societaitalianamanagement.it\\\/prodotto\\\/ricercatori\\\/#breadcrumb\"},\"inLanguage\":\"en-GB\",\"potentialAction\":[{\"@type\":\"ReadAction\",\"target\":[\"https:\\\/\\\/societaitalianamanagement.it\\\/prodotto\\\/ricercatori\\\/\"]}]},{\"@type\":\"ImageObject\",\"inLanguage\":\"en-GB\",\"@id\":\"https:\\\/\\\/societaitalianamanagement.it\\\/prodotto\\\/ricercatori\\\/#primaryimage\",\"url\":\"https:\\\/\\\/societaitalianamanagement.it\\\/wp-content\\\/uploads\\\/2022\\\/12\\\/ricercatori.jpg\",\"contentUrl\":\"https:\\\/\\\/societaitalianamanagement.it\\\/wp-content\\\/uploads\\\/2022\\\/12\\\/ricercatori.jpg\",\"width\":588,\"height\":385},{\"@type\":\"BreadcrumbList\",\"@id\":\"https:\\\/\\\/societaitalianamanagement.it\\\/prodotto\\\/ricercatori\\\/#breadcrumb\",\"itemListElement\":[{\"@type\":\"ListItem\",\"position\":1,\"name\":\"Home\",\"item\":\"https:\\\/\\\/societaitalianamanagement.it\\\/\"},{\"@type\":\"ListItem\",\"position\":2,\"name\":\"Iscrizione Soci\",\"item\":\"https:\\\/\\\/societaitalianamanagement.it\\\/negozio\\\/\"},{\"@type\":\"ListItem\",\"position\":3,\"name\":\"Ricercatori\"}]},{\"@type\":\"WebSite\",\"@id\":\"https:\\\/\\\/societaitalianamanagement.it\\\/#website\",\"url\":\"https:\\\/\\\/societaitalianamanagement.it\\\/\",\"name\":\"SIMA - Societ&agrave; Italiana di Management\",\"description\":\"Societ&agrave; Italiana di Management\",\"publisher\":{\"@id\":\"https:\\\/\\\/societaitalianamanagement.it\\\/#organization\"},\"potentialAction\":[{\"@type\":\"SearchAction\",\"target\":{\"@type\":\"EntryPoint\",\"urlTemplate\":\"https:\\\/\\\/societaitalianamanagement.it\\\/?s={search_term_string}\"},\"query-input\":{\"@type\":\"PropertyValueSpecification\",\"valueRequired\":true,\"valueName\":\"search_term_string\"}}],\"inLanguage\":\"en-GB\"},{\"@type\":\"Organization\",\"@id\":\"https:\\\/\\\/societaitalianamanagement.it\\\/#organization\",\"name\":\"SIMA - Societ\u00e0 Italiana di Management\",\"url\":\"https:\\\/\\\/societaitalianamanagement.it\\\/\",\"logo\":{\"@type\":\"ImageObject\",\"inLanguage\":\"en-GB\",\"@id\":\"https:\\\/\\\/societaitalianamanagement.it\\\/#\\\/schema\\\/logo\\\/image\\\/\",\"url\":\"https:\\\/\\\/societaitalianamanagement.it\\\/wp-content\\\/uploads\\\/2021\\\/04\\\/logo-SIMA-retina-1.png\",\"contentUrl\":\"https:\\\/\\\/societaitalianamanagement.it\\\/wp-content\\\/uploads\\\/2021\\\/04\\\/logo-SIMA-retina-1.png\",\"width\":800,\"height\":174,\"caption\":\"SIMA - Societ\u00e0 Italiana di Management\"},\"image\":{\"@id\":\"https:\\\/\\\/societaitalianamanagement.it\\\/#\\\/schema\\\/logo\\\/image\\\/\"}}]}<\/script>\n<!-- \/ Yoast SEO Premium plugin. -->","yoast_head_json":{"title":"Ricercatori - SIMA - Societ&agrave; Italiana di Management","robots":{"index":"index","follow":"follow","max-snippet":"max-snippet:-1","max-image-preview":"max-image-preview:large","max-video-preview":"max-video-preview:-1"},"canonical":"https:\/\/societaitalianamanagement.it\/en\/product\/ricercatori\/","og_locale":"en_GB","og_type":"article","og_title":"Ricercatori","og_description":"Seleziona il piano di adesioni di tuo interesse. Lo status di Socio ti avvantagger\u00e0 nelle quote d\u2019iscrizione al convegno, ti aprir\u00e0 numerose opportunit\u00e0 e garantir\u00e0 accesso alle sezioni del sito riservate solo ai soci SIMA","og_url":"https:\/\/societaitalianamanagement.it\/en\/product\/ricercatori\/","og_site_name":"SIMA - Societ&agrave; Italiana di Management","article_modified_time":"2024-12-04T13:08:10+00:00","og_image":[{"width":588,"height":385,"url":"https:\/\/societaitalianamanagement.it\/wp-content\/uploads\/2022\/12\/ricercatori.jpg","type":"image\/jpeg"}],"twitter_card":"summary_large_image","twitter_misc":{"Estimated reading time":"2 minutes"},"schema":{"@context":"https:\/\/schema.org","@graph":[{"@type":"WebPage","@id":"https:\/\/societaitalianamanagement.it\/prodotto\/ricercatori\/","url":"https:\/\/societaitalianamanagement.it\/prodotto\/ricercatori\/","name":"Ricercatori - SIMA - Societ&agrave; Italiana di Management","isPartOf":{"@id":"https:\/\/societaitalianamanagement.it\/#website"},"primaryImageOfPage":{"@id":"https:\/\/societaitalianamanagement.it\/prodotto\/ricercatori\/#primaryimage"},"image":{"@id":"https:\/\/societaitalianamanagement.it\/prodotto\/ricercatori\/#primaryimage"},"thumbnailUrl":"https:\/\/societaitalianamanagement.it\/wp-content\/uploads\/2022\/12\/ricercatori.jpg","datePublished":"2022-12-17T13:54:37+00:00","dateModified":"2024-12-04T13:08:10+00:00","breadcrumb":{"@id":"https:\/\/societaitalianamanagement.it\/prodotto\/ricercatori\/#breadcrumb"},"inLanguage":"en-GB","potentialAction":[{"@type":"ReadAction","target":["https:\/\/societaitalianamanagement.it\/prodotto\/ricercatori\/"]}]},{"@type":"ImageObject","inLanguage":"en-GB","@id":"https:\/\/societaitalianamanagement.it\/prodotto\/ricercatori\/#primaryimage","url":"https:\/\/societaitalianamanagement.it\/wp-content\/uploads\/2022\/12\/ricercatori.jpg","contentUrl":"https:\/\/societaitalianamanagement.it\/wp-content\/uploads\/2022\/12\/ricercatori.jpg","width":588,"height":385},{"@type":"BreadcrumbList","@id":"https:\/\/societaitalianamanagement.it\/prodotto\/ricercatori\/#breadcrumb","itemListElement":[{"@type":"ListItem","position":1,"name":"Home","item":"https:\/\/societaitalianamanagement.it\/"},{"@type":"ListItem","position":2,"name":"Iscrizione Soci","item":"https:\/\/societaitalianamanagement.it\/negozio\/"},{"@type":"ListItem","position":3,"name":"Ricercatori"}]},{"@type":"WebSite","@id":"https:\/\/societaitalianamanagement.it\/#website","url":"https:\/\/societaitalianamanagement.it\/","name":"SIMA - Societ&agrave; Italiana di Management","description":"Societ&agrave; Italiana di Management","publisher":{"@id":"https:\/\/societaitalianamanagement.it\/#organization"},"potentialAction":[{"@type":"SearchAction","target":{"@type":"EntryPoint","urlTemplate":"https:\/\/societaitalianamanagement.it\/?s={search_term_string}"},"query-input":{"@type":"PropertyValueSpecification","valueRequired":true,"valueName":"search_term_string"}}],"inLanguage":"en-GB"},{"@type":"Organization","@id":"https:\/\/societaitalianamanagement.it\/#organization","name":"SIMA - Societ\u00e0 Italiana di Management","url":"https:\/\/societaitalianamanagement.it\/","logo":{"@type":"ImageObject","inLanguage":"en-GB","@id":"https:\/\/societaitalianamanagement.it\/#\/schema\/logo\/image\/","url":"https:\/\/societaitalianamanagement.it\/wp-content\/uploads\/2021\/04\/logo-SIMA-retina-1.png","contentUrl":"https:\/\/societaitalianamanagement.it\/wp-content\/uploads\/2021\/04\/logo-SIMA-retina-1.png","width":800,"height":174,"caption":"SIMA - Societ\u00e0 Italiana di Management"},"image":{"@id":"https:\/\/societaitalianamanagement.it\/#\/schema\/logo\/image\/"}}]}},"_links":{"self":[{"href":"https:\/\/societaitalianamanagement.it\/en\/wp-json\/wp\/v2\/product\/6600","targetHints":{"allow":["GET"]}}],"collection":[{"href":"https:\/\/societaitalianamanagement.it\/en\/wp-json\/wp\/v2\/product"}],"about":[{"href":"https:\/\/societaitalianamanagement.it\/en\/wp-json\/wp\/v2\/types\/product"}],"wp:featuredmedia":[{"embeddable":true,"href":"https:\/\/societaitalianamanagement.it\/en\/wp-json\/wp\/v2\/media\/6605"}],"wp:attachment":[{"href":"https:\/\/societaitalianamanagement.it\/en\/wp-json\/wp\/v2\/media?parent=6600"}],"wp:term":[{"taxonomy":"product_brand","embeddable":true,"href":"https:\/\/societaitalianamanagement.it\/en\/wp-json\/wp\/v2\/product_brand?post=6600"},{"taxonomy":"product_cat","embeddable":true,"href":"https:\/\/societaitalianamanagement.it\/en\/wp-json\/wp\/v2\/product_cat?post=6600"},{"taxonomy":"product_tag","embeddable":true,"href":"https:\/\/societaitalianamanagement.it\/en\/wp-json\/wp\/v2\/product_tag?post=6600"}],"curies":[{"name":"wp","href":"https:\/\/api.w.org\/{rel}","templated":true}]}}