{"id":6292,"date":"2022-06-21T14:14:34","date_gmt":"2022-06-21T12:14:34","guid":{"rendered":"https:\/\/societaitalianamanagement.it\/?page_id=6292"},"modified":"2022-07-25T12:12:45","modified_gmt":"2022-07-25T10:12:45","slug":"scuola-metodologia-della-ricerca-sima-sim-corso-introduction-to-research-methods-in-presenza-18-al-20-luglio-2022","status":"publish","type":"page","link":"https:\/\/societaitalianamanagement.it\/en\/attivita\/scuole\/scuola-metodologia-della-ricerca-sima-sim-corso-introduction-to-research-methods-in-presenza-18-al-20-luglio-2022\/","title":{"rendered":"Scuola Metodologia della Ricerca SIMA\/SIM &#8211; Corso &#8220;Introduction to Research Methods&#8221; IN PRESENZA 18 al 20 luglio 2022"},"content":{"rendered":"<p><img loading=\"lazy\" decoding=\"async\" class=\"wp-image-6293 aligncenter\" src=\"https:\/\/societaitalianamanagement.it\/wp-content\/uploads\/2022\/06\/imperia-300x188.png\" alt=\"\" width=\"577\" height=\"362\" srcset=\"https:\/\/societaitalianamanagement.it\/wp-content\/uploads\/2022\/06\/imperia-300x188.png 300w, https:\/\/societaitalianamanagement.it\/wp-content\/uploads\/2022\/06\/imperia-800x500.png 800w, https:\/\/societaitalianamanagement.it\/wp-content\/uploads\/2022\/06\/imperia-1024x640.png 1024w, https:\/\/societaitalianamanagement.it\/wp-content\/uploads\/2022\/06\/imperia-768x480.png 768w, https:\/\/societaitalianamanagement.it\/wp-content\/uploads\/2022\/06\/imperia-16x10.png 16w, https:\/\/societaitalianamanagement.it\/wp-content\/uploads\/2022\/06\/imperia-234x146.png 234w, https:\/\/societaitalianamanagement.it\/wp-content\/uploads\/2022\/06\/imperia-50x31.png 50w, https:\/\/societaitalianamanagement.it\/wp-content\/uploads\/2022\/06\/imperia-120x75.png 120w, https:\/\/societaitalianamanagement.it\/wp-content\/uploads\/2022\/06\/imperia-960x600.png 960w, https:\/\/societaitalianamanagement.it\/wp-content\/uploads\/2022\/06\/imperia.png 1080w\" sizes=\"auto, (max-width: 577px) 100vw, 577px\" \/><\/p>\n<p>&nbsp;<\/p>\n<p>&nbsp;<\/p>\n<p style=\"text-align: center;\"><a href=\"https:\/\/societaitalianamanagement.it\/en\/attivita\/scuole\/scuola-metodologia-della-ricerca-sima-sim-corso-introduction-to-research-methods-in-presenza-18-al-20-luglio-2022\/brochure-2022-def\/\" rel=\"attachment wp-att-6296\">brochure 2022. def<\/a><\/p>\n<p style=\"text-align: center;\"><a href=\"https:\/\/societaitalianamanagement.it\/wp-content\/uploads\/2022\/06\/Program-_SIMA_SIM_School-of-Research-Methods-Imperia_2022_final.pdf\">Program _SIMA_SIM_School of Research Methods Imperia_2022_final<\/a><\/p>\n<p style=\"text-align: center;\"><a href=\"https:\/\/societaitalianamanagement.it\/wp-content\/uploads\/2022\/06\/Scheda-di-iscrizione.def_.pdf\">Scheda di iscrizione.def<\/a><\/p>\n<p style=\"text-align: center;\"><a href=\"https:\/\/societaitalianamanagement.it\/en\/attivita\/scuole\/scuola-metodologia-della-ricerca-sima-sim-corso-progettare-efficacemente-la-ricerca-per-ottimizzare-i-risultati-finali-online-24-28-gennaio-2022\/summer-school-presentation_final\/\" target=\"_blank\" rel=\"attachment noopener wp-att-6355\">summer school presentation<\/a><\/p>\n<p>Carissime Socie,<\/p>\n<p>Carissimi Soci,<\/p>\n<p>la SIMA-SIM School of Research Methods prosegue le sue attivit\u00e0 nell&#8217;estate del 2022 con la Summer Edition &#8220;Introduction to Research Methods&#8221;, che si terr\u00e0 presso il Campus di Imperia dell&#8217;Universit\u00e0 di Genova dal <strong>18 al 20 luglio 2022<\/strong>.<\/p>\n<p>Le domande di partecipazione dovranno pervenire entro il <strong>27 Giugno 2022<\/strong>.<\/p>\n<p>Per questa prima edizione post-Covid, SIMA-SIM Summer School si svolger\u00e0 soltanto in presenza e in lingua inglese e avr\u00e0 il formato che segue:<\/p>\n<ol>\n<li>sar\u00e0 una vera e propria FULL IMMERSION di 3 GIORNI nel mondo delle metodologie e dei metodi di ricerca;<\/li>\n<li>saranno presenti in aula docenti di caratura internazionale che hanno pubblicato i loro risultati di ricerca in TOP JOURNAL di marketing e management. Nell&#8217;ambito della scuola i partecipanti affronteranno in particolare i temi che seguono:<\/li>\n<\/ol>\n<p>&#8211; Epistemological Perspectives (Giovanni Battista Dagnino): support to achieve an insightful appreciation of the essence and unfolding mechanisms underlying the research process and engender the fundamental preconditions to develop the skills required to conduct inquiry and write scholarly research publishable in top-notch academic journals;<\/p>\n<p>&#8211; Introduzione alla ricerca quantitativa (Matteo Corciolani): empirical translation of theory into quantitative research; variables and operationalization; univariate and bivariate analysis; contingency tables, t-tests and ANOVA; correlations; linear and logistic regressions;<\/p>\n<p>&#8211; Introduzione alla ricerca qualitativa (Rebecca Pera): netnography, digital ethnography and visual methods; qualitative data analysis and interpretation; qualitative research for theory generation; and a quest for scientific pluralism.<\/p>\n<p>Inoltre, i partecipanti saranno seguiti in aula da un working team dedicato composto da sei docenti (Elena Casprini, Giovanni Battista Dagnino, Rossella Gambetti, Anna Min\u00e0, Lara Penco e Roberta Scarsi) per tutta la durata del corso e, in una sessione specifica (nel pomeriggio del Luned\u00ec 18 Luglio), durante la quale essi potranno discutere direttamente con i docenti i propri progetti di ricerca e l&#8217;applicazione delle metodologie e delle tecniche apprese.<\/p>\n<p>Il corso si terr\u00e0 presso il Campus di Imperia dell&#8217;Universt\u00e0 di Genova, un campus dedicato alla formazione superiore e dotato di aule universitarie state-of-the-art. La sistemazione avverr\u00e0 in hotel in camere doppie (o singole a richiesta con piccolo sovrapprezzo). Il prezzo della Summer School comprende la pensione completa per la sua durata: colazione a buffet, pranzo e cena. Una navetta BUS accompagner\u00e0 gli studenti per coprire il tragitto dall&#8217;hotel al Campus di Imperia.<\/p>\n<p>In allegato trovate la brochure, il programma completo della Summer School e il modulo di iscrizione da inviare compilato all&#8217;indirizzo <a href=\"mailto:scuola.sima.sim@gmail.com\">scuola.sima.sim@gmail.com<\/a> entro il <strong>27 Giugno 2022<\/strong>.<\/p>\n<p>Contiamo sulla Vostra fattiva collaborazione per condividere questa importante opportunit\u00e0 di formazione e interazione con i giovani dottorandi\/dottori di ricerca\/assegnisti\/vostri collaboratori che possono essere interessati a prender parte alla Summer School.<\/p>\n<p>&nbsp;<\/p>\n<p>Un saluto particolarmente cordiale.<\/p>\n<p>&nbsp;<\/p>\n<p>Sandro Castaldo, President SIMA<\/p>\n<p>Angelo Di Gregorio, Presidente SIM<\/p>\n<p>Giovanni Battista Dagnino, Academic Director SIMA-SIM School of Research Methods<\/p>\n<p>Elena Casprini, Delegata SIMA-Co-director of SIMA-SIM School of Research Methods<\/p>\n<p>Rossella Chiara Gambetti,\u00a0 Delegata SIM-Co-director of SIMA-SIM School of Research Methods<\/p>","protected":false},"excerpt":{"rendered":"<p>&nbsp; &nbsp; brochure 2022. def Program _SIMA_SIM_School of Research Methods Imperia_2022_final Scheda di iscrizione.def summer school presentation Carissime Socie, Carissimi Soci, la SIMA-SIM School of Research<span class=\"excerpt-hellip\"> [\u2026]<\/span><\/p>\n","protected":false},"author":1,"featured_media":0,"parent":5494,"menu_order":0,"comment_status":"closed","ping_status":"closed","template":"","meta":{"footnotes":"","_links_to":"","_links_to_target":""},"class_list":["post-6292","page","type-page","status-publish","hentry"],"yoast_head":"<!-- This site is optimized with the Yoast SEO Premium plugin v21.3 (Yoast SEO v27.5) - https:\/\/yoast.com\/product\/yoast-seo-premium-wordpress\/ -->\n<title>Scuola Metodologia della Ricerca SIMA\/SIM - Corso &quot;Introduction to Research Methods&quot; IN PRESENZA 18 al 20 luglio 2022 - SIMA - Societ&agrave; Italiana di Management<\/title>\n<meta name=\"robots\" content=\"index, follow, max-snippet:-1, max-image-preview:large, max-video-preview:-1\" \/>\n<link rel=\"canonical\" href=\"https:\/\/societaitalianamanagement.it\/en\/attivita\/scuole\/scuola-metodologia-della-ricerca-sima-sim-corso-introduction-to-research-methods-in-presenza-18-al-20-luglio-2022\/\" \/>\n<meta property=\"og:locale\" content=\"en_GB\" \/>\n<meta property=\"og:type\" content=\"article\" \/>\n<meta property=\"og:title\" content=\"Scuola Metodologia della Ricerca SIMA\/SIM - Corso &quot;Introduction to Research Methods&quot; IN PRESENZA 18 al 20 luglio 2022\" \/>\n<meta property=\"og:description\" content=\"&nbsp; &nbsp; brochure 2022. def Program _SIMA_SIM_School of Research Methods Imperia_2022_final Scheda di iscrizione.def summer school presentation Carissime Socie, Carissimi Soci, la SIMA-SIM School of Research [\u2026]\" \/>\n<meta property=\"og:url\" content=\"https:\/\/societaitalianamanagement.it\/en\/attivita\/scuole\/scuola-metodologia-della-ricerca-sima-sim-corso-introduction-to-research-methods-in-presenza-18-al-20-luglio-2022\/\" \/>\n<meta property=\"og:site_name\" content=\"SIMA - Societ&agrave; Italiana di Management\" \/>\n<meta property=\"article:modified_time\" content=\"2022-07-25T10:12:45+00:00\" \/>\n<meta property=\"og:image\" content=\"https:\/\/societaitalianamanagement.it\/wp-content\/uploads\/2022\/06\/imperia-300x188.png\" \/>\n<meta name=\"twitter:card\" content=\"summary_large_image\" \/>\n<meta name=\"twitter:label1\" content=\"Estimated reading time\" \/>\n\t<meta name=\"twitter:data1\" content=\"2 minutes\" \/>\n<script type=\"application\/ld+json\" class=\"yoast-schema-graph\">{\"@context\":\"https:\\\/\\\/schema.org\",\"@graph\":[{\"@type\":\"WebPage\",\"@id\":\"https:\\\/\\\/societaitalianamanagement.it\\\/attivita\\\/scuole\\\/scuola-metodologia-della-ricerca-sima-sim-corso-introduction-to-research-methods-in-presenza-18-al-20-luglio-2022\\\/\",\"url\":\"https:\\\/\\\/societaitalianamanagement.it\\\/attivita\\\/scuole\\\/scuola-metodologia-della-ricerca-sima-sim-corso-introduction-to-research-methods-in-presenza-18-al-20-luglio-2022\\\/\",\"name\":\"Scuola Metodologia della Ricerca SIMA\\\/SIM - Corso \\\"Introduction to Research Methods\\\" IN PRESENZA 18 al 20 luglio 2022 - SIMA - Societ&agrave; Italiana di Management\",\"isPartOf\":{\"@id\":\"https:\\\/\\\/societaitalianamanagement.it\\\/#website\"},\"primaryImageOfPage\":{\"@id\":\"https:\\\/\\\/societaitalianamanagement.it\\\/attivita\\\/scuole\\\/scuola-metodologia-della-ricerca-sima-sim-corso-introduction-to-research-methods-in-presenza-18-al-20-luglio-2022\\\/#primaryimage\"},\"image\":{\"@id\":\"https:\\\/\\\/societaitalianamanagement.it\\\/attivita\\\/scuole\\\/scuola-metodologia-della-ricerca-sima-sim-corso-introduction-to-research-methods-in-presenza-18-al-20-luglio-2022\\\/#primaryimage\"},\"thumbnailUrl\":\"https:\\\/\\\/societaitalianamanagement.it\\\/wp-content\\\/uploads\\\/2022\\\/06\\\/imperia-300x188.png\",\"datePublished\":\"2022-06-21T12:14:34+00:00\",\"dateModified\":\"2022-07-25T10:12:45+00:00\",\"breadcrumb\":{\"@id\":\"https:\\\/\\\/societaitalianamanagement.it\\\/attivita\\\/scuole\\\/scuola-metodologia-della-ricerca-sima-sim-corso-introduction-to-research-methods-in-presenza-18-al-20-luglio-2022\\\/#breadcrumb\"},\"inLanguage\":\"en-GB\",\"potentialAction\":[{\"@type\":\"ReadAction\",\"target\":[\"https:\\\/\\\/societaitalianamanagement.it\\\/attivita\\\/scuole\\\/scuola-metodologia-della-ricerca-sima-sim-corso-introduction-to-research-methods-in-presenza-18-al-20-luglio-2022\\\/\"]}]},{\"@type\":\"ImageObject\",\"inLanguage\":\"en-GB\",\"@id\":\"https:\\\/\\\/societaitalianamanagement.it\\\/attivita\\\/scuole\\\/scuola-metodologia-della-ricerca-sima-sim-corso-introduction-to-research-methods-in-presenza-18-al-20-luglio-2022\\\/#primaryimage\",\"url\":\"https:\\\/\\\/societaitalianamanagement.it\\\/wp-content\\\/uploads\\\/2022\\\/06\\\/imperia-300x188.png\",\"contentUrl\":\"https:\\\/\\\/societaitalianamanagement.it\\\/wp-content\\\/uploads\\\/2022\\\/06\\\/imperia-300x188.png\"},{\"@type\":\"BreadcrumbList\",\"@id\":\"https:\\\/\\\/societaitalianamanagement.it\\\/attivita\\\/scuole\\\/scuola-metodologia-della-ricerca-sima-sim-corso-introduction-to-research-methods-in-presenza-18-al-20-luglio-2022\\\/#breadcrumb\",\"itemListElement\":[{\"@type\":\"ListItem\",\"position\":1,\"name\":\"Home\",\"item\":\"https:\\\/\\\/societaitalianamanagement.it\\\/\"},{\"@type\":\"ListItem\",\"position\":2,\"name\":\"Attivit\",\"item\":\"https:\\\/\\\/societaitalianamanagement.it\\\/attivita\\\/\"},{\"@type\":\"ListItem\",\"position\":3,\"name\":\"Scuole\",\"item\":\"https:\\\/\\\/societaitalianamanagement.it\\\/attivita\\\/scuole\\\/\"},{\"@type\":\"ListItem\",\"position\":4,\"name\":\"Scuola Metodologia della Ricerca SIMA\\\/SIM &#8211; Corso &#8220;Introduction to Research Methods&#8221; IN PRESENZA 18 al 20 luglio 2022\"}]},{\"@type\":\"WebSite\",\"@id\":\"https:\\\/\\\/societaitalianamanagement.it\\\/#website\",\"url\":\"https:\\\/\\\/societaitalianamanagement.it\\\/\",\"name\":\"SIMA - Societ&agrave; Italiana di Management\",\"description\":\"Societ&agrave; Italiana di Management\",\"publisher\":{\"@id\":\"https:\\\/\\\/societaitalianamanagement.it\\\/#organization\"},\"potentialAction\":[{\"@type\":\"SearchAction\",\"target\":{\"@type\":\"EntryPoint\",\"urlTemplate\":\"https:\\\/\\\/societaitalianamanagement.it\\\/?s={search_term_string}\"},\"query-input\":{\"@type\":\"PropertyValueSpecification\",\"valueRequired\":true,\"valueName\":\"search_term_string\"}}],\"inLanguage\":\"en-GB\"},{\"@type\":\"Organization\",\"@id\":\"https:\\\/\\\/societaitalianamanagement.it\\\/#organization\",\"name\":\"SIMA - Societ\u00e0 Italiana di Management\",\"url\":\"https:\\\/\\\/societaitalianamanagement.it\\\/\",\"logo\":{\"@type\":\"ImageObject\",\"inLanguage\":\"en-GB\",\"@id\":\"https:\\\/\\\/societaitalianamanagement.it\\\/#\\\/schema\\\/logo\\\/image\\\/\",\"url\":\"https:\\\/\\\/societaitalianamanagement.it\\\/wp-content\\\/uploads\\\/2021\\\/04\\\/logo-SIMA-retina-1.png\",\"contentUrl\":\"https:\\\/\\\/societaitalianamanagement.it\\\/wp-content\\\/uploads\\\/2021\\\/04\\\/logo-SIMA-retina-1.png\",\"width\":800,\"height\":174,\"caption\":\"SIMA - Societ\u00e0 Italiana di Management\"},\"image\":{\"@id\":\"https:\\\/\\\/societaitalianamanagement.it\\\/#\\\/schema\\\/logo\\\/image\\\/\"}}]}<\/script>\n<!-- \/ Yoast SEO Premium plugin. -->","yoast_head_json":{"title":"Scuola Metodologia della Ricerca SIMA\/SIM - Corso \"Introduction to Research Methods\" IN PRESENZA 18 al 20 luglio 2022 - SIMA - Societ&agrave; Italiana di Management","robots":{"index":"index","follow":"follow","max-snippet":"max-snippet:-1","max-image-preview":"max-image-preview:large","max-video-preview":"max-video-preview:-1"},"canonical":"https:\/\/societaitalianamanagement.it\/en\/attivita\/scuole\/scuola-metodologia-della-ricerca-sima-sim-corso-introduction-to-research-methods-in-presenza-18-al-20-luglio-2022\/","og_locale":"en_GB","og_type":"article","og_title":"Scuola Metodologia della Ricerca SIMA\/SIM - Corso \"Introduction to Research Methods\" IN PRESENZA 18 al 20 luglio 2022","og_description":"&nbsp; &nbsp; brochure 2022. def Program _SIMA_SIM_School of Research Methods Imperia_2022_final Scheda di iscrizione.def summer school presentation Carissime Socie, Carissimi Soci, la SIMA-SIM School of Research [\u2026]","og_url":"https:\/\/societaitalianamanagement.it\/en\/attivita\/scuole\/scuola-metodologia-della-ricerca-sima-sim-corso-introduction-to-research-methods-in-presenza-18-al-20-luglio-2022\/","og_site_name":"SIMA - Societ&agrave; Italiana di Management","article_modified_time":"2022-07-25T10:12:45+00:00","og_image":[{"url":"https:\/\/societaitalianamanagement.it\/wp-content\/uploads\/2022\/06\/imperia-300x188.png","type":"","width":"","height":""}],"twitter_card":"summary_large_image","twitter_misc":{"Estimated reading time":"2 minutes"},"schema":{"@context":"https:\/\/schema.org","@graph":[{"@type":"WebPage","@id":"https:\/\/societaitalianamanagement.it\/attivita\/scuole\/scuola-metodologia-della-ricerca-sima-sim-corso-introduction-to-research-methods-in-presenza-18-al-20-luglio-2022\/","url":"https:\/\/societaitalianamanagement.it\/attivita\/scuole\/scuola-metodologia-della-ricerca-sima-sim-corso-introduction-to-research-methods-in-presenza-18-al-20-luglio-2022\/","name":"Scuola Metodologia della Ricerca SIMA\/SIM - Corso \"Introduction to Research Methods\" IN PRESENZA 18 al 20 luglio 2022 - SIMA - Societ&agrave; Italiana di Management","isPartOf":{"@id":"https:\/\/societaitalianamanagement.it\/#website"},"primaryImageOfPage":{"@id":"https:\/\/societaitalianamanagement.it\/attivita\/scuole\/scuola-metodologia-della-ricerca-sima-sim-corso-introduction-to-research-methods-in-presenza-18-al-20-luglio-2022\/#primaryimage"},"image":{"@id":"https:\/\/societaitalianamanagement.it\/attivita\/scuole\/scuola-metodologia-della-ricerca-sima-sim-corso-introduction-to-research-methods-in-presenza-18-al-20-luglio-2022\/#primaryimage"},"thumbnailUrl":"https:\/\/societaitalianamanagement.it\/wp-content\/uploads\/2022\/06\/imperia-300x188.png","datePublished":"2022-06-21T12:14:34+00:00","dateModified":"2022-07-25T10:12:45+00:00","breadcrumb":{"@id":"https:\/\/societaitalianamanagement.it\/attivita\/scuole\/scuola-metodologia-della-ricerca-sima-sim-corso-introduction-to-research-methods-in-presenza-18-al-20-luglio-2022\/#breadcrumb"},"inLanguage":"en-GB","potentialAction":[{"@type":"ReadAction","target":["https:\/\/societaitalianamanagement.it\/attivita\/scuole\/scuola-metodologia-della-ricerca-sima-sim-corso-introduction-to-research-methods-in-presenza-18-al-20-luglio-2022\/"]}]},{"@type":"ImageObject","inLanguage":"en-GB","@id":"https:\/\/societaitalianamanagement.it\/attivita\/scuole\/scuola-metodologia-della-ricerca-sima-sim-corso-introduction-to-research-methods-in-presenza-18-al-20-luglio-2022\/#primaryimage","url":"https:\/\/societaitalianamanagement.it\/wp-content\/uploads\/2022\/06\/imperia-300x188.png","contentUrl":"https:\/\/societaitalianamanagement.it\/wp-content\/uploads\/2022\/06\/imperia-300x188.png"},{"@type":"BreadcrumbList","@id":"https:\/\/societaitalianamanagement.it\/attivita\/scuole\/scuola-metodologia-della-ricerca-sima-sim-corso-introduction-to-research-methods-in-presenza-18-al-20-luglio-2022\/#breadcrumb","itemListElement":[{"@type":"ListItem","position":1,"name":"Home","item":"https:\/\/societaitalianamanagement.it\/"},{"@type":"ListItem","position":2,"name":"Attivit","item":"https:\/\/societaitalianamanagement.it\/attivita\/"},{"@type":"ListItem","position":3,"name":"Scuole","item":"https:\/\/societaitalianamanagement.it\/attivita\/scuole\/"},{"@type":"ListItem","position":4,"name":"Scuola Metodologia della Ricerca SIMA\/SIM &#8211; Corso &#8220;Introduction to Research Methods&#8221; IN PRESENZA 18 al 20 luglio 2022"}]},{"@type":"WebSite","@id":"https:\/\/societaitalianamanagement.it\/#website","url":"https:\/\/societaitalianamanagement.it\/","name":"SIMA - Societ&agrave; Italiana di Management","description":"Societ&agrave; Italiana di Management","publisher":{"@id":"https:\/\/societaitalianamanagement.it\/#organization"},"potentialAction":[{"@type":"SearchAction","target":{"@type":"EntryPoint","urlTemplate":"https:\/\/societaitalianamanagement.it\/?s={search_term_string}"},"query-input":{"@type":"PropertyValueSpecification","valueRequired":true,"valueName":"search_term_string"}}],"inLanguage":"en-GB"},{"@type":"Organization","@id":"https:\/\/societaitalianamanagement.it\/#organization","name":"SIMA - Societ\u00e0 Italiana di Management","url":"https:\/\/societaitalianamanagement.it\/","logo":{"@type":"ImageObject","inLanguage":"en-GB","@id":"https:\/\/societaitalianamanagement.it\/#\/schema\/logo\/image\/","url":"https:\/\/societaitalianamanagement.it\/wp-content\/uploads\/2021\/04\/logo-SIMA-retina-1.png","contentUrl":"https:\/\/societaitalianamanagement.it\/wp-content\/uploads\/2021\/04\/logo-SIMA-retina-1.png","width":800,"height":174,"caption":"SIMA - Societ\u00e0 Italiana di Management"},"image":{"@id":"https:\/\/societaitalianamanagement.it\/#\/schema\/logo\/image\/"}}]}},"_links":{"self":[{"href":"https:\/\/societaitalianamanagement.it\/en\/wp-json\/wp\/v2\/pages\/6292","targetHints":{"allow":["GET"]}}],"collection":[{"href":"https:\/\/societaitalianamanagement.it\/en\/wp-json\/wp\/v2\/pages"}],"about":[{"href":"https:\/\/societaitalianamanagement.it\/en\/wp-json\/wp\/v2\/types\/page"}],"author":[{"embeddable":true,"href":"https:\/\/societaitalianamanagement.it\/en\/wp-json\/wp\/v2\/users\/1"}],"replies":[{"embeddable":true,"href":"https:\/\/societaitalianamanagement.it\/en\/wp-json\/wp\/v2\/comments?post=6292"}],"version-history":[{"count":7,"href":"https:\/\/societaitalianamanagement.it\/en\/wp-json\/wp\/v2\/pages\/6292\/revisions"}],"predecessor-version":[{"id":6359,"href":"https:\/\/societaitalianamanagement.it\/en\/wp-json\/wp\/v2\/pages\/6292\/revisions\/6359"}],"up":[{"embeddable":true,"href":"https:\/\/societaitalianamanagement.it\/en\/wp-json\/wp\/v2\/pages\/5494"}],"wp:attachment":[{"href":"https:\/\/societaitalianamanagement.it\/en\/wp-json\/wp\/v2\/media?parent=6292"}],"curies":[{"name":"wp","href":"https:\/\/api.w.org\/{rel}","templated":true}]}}