{"id":5527,"date":"2021-04-28T16:18:22","date_gmt":"2021-04-28T14:18:22","guid":{"rendered":"https:\/\/societaitalianamanagement.it\/?page_id=5527"},"modified":"2021-04-28T16:18:39","modified_gmt":"2021-04-28T14:18:39","slug":"scuola-di-metodologia-e-della-ricerca-winter-edition-2021","status":"publish","type":"page","link":"https:\/\/societaitalianamanagement.it\/en\/attivita\/scuole\/scuola-di-metodologia-e-della-ricerca-winter-edition-2021\/","title":{"rendered":"Scuola di Metodologia e della Ricerca: Winter edition 2021"},"content":{"rendered":"<div class=\"wp-block-image\"><figure class=\"aligncenter size-large\"><img loading=\"lazy\" decoding=\"async\" width=\"1024\" height=\"716\" src=\"https:\/\/societaitalianamanagement.it\/wp-content\/uploads\/2021\/04\/sima-winter-edition-2021-1024x716.png\" alt=\"\" class=\"wp-image-5498\" srcset=\"https:\/\/societaitalianamanagement.it\/wp-content\/uploads\/2021\/04\/sima-winter-edition-2021-1024x716.png 1024w, https:\/\/societaitalianamanagement.it\/wp-content\/uploads\/2021\/04\/sima-winter-edition-2021-800x559.png 800w, https:\/\/societaitalianamanagement.it\/wp-content\/uploads\/2021\/04\/sima-winter-edition-2021-300x210.png 300w, https:\/\/societaitalianamanagement.it\/wp-content\/uploads\/2021\/04\/sima-winter-edition-2021-768x537.png 768w, https:\/\/societaitalianamanagement.it\/wp-content\/uploads\/2021\/04\/sima-winter-edition-2021-1536x1074.png 1536w, https:\/\/societaitalianamanagement.it\/wp-content\/uploads\/2021\/04\/sima-winter-edition-2021-16x12.png 16w, https:\/\/societaitalianamanagement.it\/wp-content\/uploads\/2021\/04\/sima-winter-edition-2021-209x146.png 209w, https:\/\/societaitalianamanagement.it\/wp-content\/uploads\/2021\/04\/sima-winter-edition-2021-50x35.png 50w, https:\/\/societaitalianamanagement.it\/wp-content\/uploads\/2021\/04\/sima-winter-edition-2021-107x75.png 107w, https:\/\/societaitalianamanagement.it\/wp-content\/uploads\/2021\/04\/sima-winter-edition-2021-858x600.png 858w, https:\/\/societaitalianamanagement.it\/wp-content\/uploads\/2021\/04\/sima-winter-edition-2021-1320x923.png 1320w, https:\/\/societaitalianamanagement.it\/wp-content\/uploads\/2021\/04\/sima-winter-edition-2021.png 1678w\" sizes=\"auto, (max-width: 1024px) 100vw, 1024px\" \/><\/figure><\/div>\n\n\n\n<div style=\"height:100px\" aria-hidden=\"true\" class=\"wp-block-spacer\"><\/div>\n\n\n\n<div class=\"wp-block-buttons is-content-justification-center is-layout-flex wp-block-buttons-is-layout-flex\">\n<div class=\"wp-block-button\"><a class=\"wp-block-button__link has-background\" href=\"https:\/\/societaitalianamanagement.it\/wp-content\/uploads\/2021\/04\/SIMA-MetodologiadellaRicerca-111120-programma.pdf\" style=\"background-color:#05618e\" target=\"_blank\" rel=\"noreferrer noopener\">Program<\/a><\/div>\n\n\n\n<div class=\"wp-block-button\"><a class=\"wp-block-button__link has-background\" href=\"https:\/\/societaitalianamanagement.it\/wp-content\/uploads\/2021\/04\/SIMA-schedaiscrizione-121120.pdf\" style=\"background-color:#05618e\" target=\"_blank\" rel=\"noreferrer noopener\">Application form<\/a><\/div>\n<\/div>\n\n\n\n<div style=\"height:100px\" aria-hidden=\"true\" class=\"wp-block-spacer\"><\/div>\n\n\n\n<p>Vi stavate chiedendo dove fosse finita la scuola di metodologia SIMA\/SIM?<br>Ma \u00e8 pi\u00f9 viva che mai! E siamo pronti per la nuova edizione invernale, che sar\u00e0 totalmente on-line.<\/p>\n\n\n\n<p><strong>Quando?<\/strong><br>Nella settimana del 25-29 Gennaio (con un pre-incontro riservato a tutti gli iscritti previsto per l\u201911 Gennaio)<\/p>\n\n\n\n<p><strong>Dove?<\/strong><br>On-line direttamente a casa vostra attraverso la piattaforma ZOOM<\/p>\n\n\n\n<p><strong>Con chi?<\/strong><br>E su quali temi? Ecco a voi:<br>1. La costruzione di un progetto di ricerca: dall\u2019idea alla domanda di ricerca \u2013 con Stefano Bresciani \u2013 25 GENNAIO 2021<br>2. La scrittura di una review sistematica della letteratura \u2013 con Alfredo De Massis \u2013 27 GENNAIO 2021<br>3. La scrittura di un paper empirico: organizzazione, struttura e motivi di rejection \u2013 con Daniele Dalli e Marta Ugolini \u2013 29 GENNAIO 2021<\/p>\n\n\n\n<p><strong>Quanto coster\u00e0?<\/strong><br>120 euro per i soci SIM o SIMA. 220 per i non soci*. Verifica la possibilit\u00e0 di spesare i costi della scuola con i fondi di dottorato o con i fondi di ricerca del tuo supervisor!<\/p>\n\n\n\n<p><strong>Quando mi iscrivo?<\/strong><br>Fallo subito perch\u00e9 i posti sono limitati. Solo 25. Per un\u2019opportunit\u00e0 di crescita irripetibile!<\/p>\n\n\n\n<p>* con opzione gratuita per l\u2019eventuale contestuale iscrizione a SIMA-SIM-AIDEA<\/p>\n\n\n\n<div style=\"height:100px\" aria-hidden=\"true\" class=\"wp-block-spacer\"><\/div>","protected":false},"excerpt":{"rendered":"<p>Vi stavate chiedendo dove fosse finita la scuola di metodologia SIMA\/SIM?Ma \u00e8 pi\u00f9 viva che mai! E siamo pronti per la nuova edizione invernale, che sar\u00e0<span class=\"excerpt-hellip\"> [\u2026]<\/span><\/p>\n","protected":false},"author":1,"featured_media":0,"parent":5494,"menu_order":0,"comment_status":"closed","ping_status":"closed","template":"","meta":{"footnotes":"","_links_to":"","_links_to_target":""},"class_list":["post-5527","page","type-page","status-publish","hentry"],"yoast_head":"<!-- This site is optimized with the Yoast SEO Premium plugin v21.3 (Yoast SEO v27.5) - https:\/\/yoast.com\/product\/yoast-seo-premium-wordpress\/ -->\n<title>Scuola di Metodologia e della Ricerca: Winter edition 2021 - SIMA - Societ&agrave; Italiana di Management<\/title>\n<meta name=\"robots\" content=\"index, follow, max-snippet:-1, max-image-preview:large, max-video-preview:-1\" \/>\n<link rel=\"canonical\" href=\"https:\/\/societaitalianamanagement.it\/en\/attivita\/scuole\/scuola-di-metodologia-e-della-ricerca-winter-edition-2021\/\" \/>\n<meta property=\"og:locale\" content=\"en_GB\" \/>\n<meta property=\"og:type\" content=\"article\" \/>\n<meta property=\"og:title\" content=\"Scuola di Metodologia e della Ricerca: Winter edition 2021\" \/>\n<meta property=\"og:description\" content=\"Vi stavate chiedendo dove fosse finita la scuola di metodologia SIMA\/SIM?Ma \u00e8 pi\u00f9 viva che mai! E siamo pronti per la nuova edizione invernale, che sar\u00e0 [\u2026]\" \/>\n<meta property=\"og:url\" content=\"https:\/\/societaitalianamanagement.it\/en\/attivita\/scuole\/scuola-di-metodologia-e-della-ricerca-winter-edition-2021\/\" \/>\n<meta property=\"og:site_name\" content=\"SIMA - Societ&agrave; Italiana di Management\" \/>\n<meta property=\"article:modified_time\" content=\"2021-04-28T14:18:39+00:00\" \/>\n<meta property=\"og:image\" content=\"https:\/\/societaitalianamanagement.it\/wp-content\/uploads\/2021\/04\/sima-winter-edition-2021-1024x716.png\" \/>\n<meta name=\"twitter:card\" content=\"summary_large_image\" \/>\n<meta name=\"twitter:label1\" content=\"Estimated reading time\" \/>\n\t<meta name=\"twitter:data1\" content=\"1 minute\" \/>\n<script type=\"application\/ld+json\" class=\"yoast-schema-graph\">{\"@context\":\"https:\\\/\\\/schema.org\",\"@graph\":[{\"@type\":\"WebPage\",\"@id\":\"https:\\\/\\\/societaitalianamanagement.it\\\/attivita\\\/scuole\\\/scuola-di-metodologia-e-della-ricerca-winter-edition-2021\\\/\",\"url\":\"https:\\\/\\\/societaitalianamanagement.it\\\/attivita\\\/scuole\\\/scuola-di-metodologia-e-della-ricerca-winter-edition-2021\\\/\",\"name\":\"Scuola di Metodologia e della Ricerca: Winter edition 2021 - SIMA - Societ&agrave; Italiana di Management\",\"isPartOf\":{\"@id\":\"https:\\\/\\\/societaitalianamanagement.it\\\/#website\"},\"primaryImageOfPage\":{\"@id\":\"https:\\\/\\\/societaitalianamanagement.it\\\/attivita\\\/scuole\\\/scuola-di-metodologia-e-della-ricerca-winter-edition-2021\\\/#primaryimage\"},\"image\":{\"@id\":\"https:\\\/\\\/societaitalianamanagement.it\\\/attivita\\\/scuole\\\/scuola-di-metodologia-e-della-ricerca-winter-edition-2021\\\/#primaryimage\"},\"thumbnailUrl\":\"https:\\\/\\\/societaitalianamanagement.it\\\/wp-content\\\/uploads\\\/2021\\\/04\\\/sima-winter-edition-2021-1024x716.png\",\"datePublished\":\"2021-04-28T14:18:22+00:00\",\"dateModified\":\"2021-04-28T14:18:39+00:00\",\"breadcrumb\":{\"@id\":\"https:\\\/\\\/societaitalianamanagement.it\\\/attivita\\\/scuole\\\/scuola-di-metodologia-e-della-ricerca-winter-edition-2021\\\/#breadcrumb\"},\"inLanguage\":\"en-GB\",\"potentialAction\":[{\"@type\":\"ReadAction\",\"target\":[\"https:\\\/\\\/societaitalianamanagement.it\\\/attivita\\\/scuole\\\/scuola-di-metodologia-e-della-ricerca-winter-edition-2021\\\/\"]}]},{\"@type\":\"ImageObject\",\"inLanguage\":\"en-GB\",\"@id\":\"https:\\\/\\\/societaitalianamanagement.it\\\/attivita\\\/scuole\\\/scuola-di-metodologia-e-della-ricerca-winter-edition-2021\\\/#primaryimage\",\"url\":\"https:\\\/\\\/societaitalianamanagement.it\\\/wp-content\\\/uploads\\\/2021\\\/04\\\/sima-winter-edition-2021-1024x716.png\",\"contentUrl\":\"https:\\\/\\\/societaitalianamanagement.it\\\/wp-content\\\/uploads\\\/2021\\\/04\\\/sima-winter-edition-2021-1024x716.png\"},{\"@type\":\"BreadcrumbList\",\"@id\":\"https:\\\/\\\/societaitalianamanagement.it\\\/attivita\\\/scuole\\\/scuola-di-metodologia-e-della-ricerca-winter-edition-2021\\\/#breadcrumb\",\"itemListElement\":[{\"@type\":\"ListItem\",\"position\":1,\"name\":\"Home\",\"item\":\"https:\\\/\\\/societaitalianamanagement.it\\\/\"},{\"@type\":\"ListItem\",\"position\":2,\"name\":\"Attivit\",\"item\":\"https:\\\/\\\/societaitalianamanagement.it\\\/attivita\\\/\"},{\"@type\":\"ListItem\",\"position\":3,\"name\":\"Scuole\",\"item\":\"https:\\\/\\\/societaitalianamanagement.it\\\/attivita\\\/scuole\\\/\"},{\"@type\":\"ListItem\",\"position\":4,\"name\":\"Scuola di Metodologia e della Ricerca: Winter edition 2021\"}]},{\"@type\":\"WebSite\",\"@id\":\"https:\\\/\\\/societaitalianamanagement.it\\\/#website\",\"url\":\"https:\\\/\\\/societaitalianamanagement.it\\\/\",\"name\":\"SIMA - Societ&agrave; Italiana di Management\",\"description\":\"Societ&agrave; Italiana di Management\",\"publisher\":{\"@id\":\"https:\\\/\\\/societaitalianamanagement.it\\\/#organization\"},\"potentialAction\":[{\"@type\":\"SearchAction\",\"target\":{\"@type\":\"EntryPoint\",\"urlTemplate\":\"https:\\\/\\\/societaitalianamanagement.it\\\/?s={search_term_string}\"},\"query-input\":{\"@type\":\"PropertyValueSpecification\",\"valueRequired\":true,\"valueName\":\"search_term_string\"}}],\"inLanguage\":\"en-GB\"},{\"@type\":\"Organization\",\"@id\":\"https:\\\/\\\/societaitalianamanagement.it\\\/#organization\",\"name\":\"SIMA - Societ\u00e0 Italiana di Management\",\"url\":\"https:\\\/\\\/societaitalianamanagement.it\\\/\",\"logo\":{\"@type\":\"ImageObject\",\"inLanguage\":\"en-GB\",\"@id\":\"https:\\\/\\\/societaitalianamanagement.it\\\/#\\\/schema\\\/logo\\\/image\\\/\",\"url\":\"https:\\\/\\\/societaitalianamanagement.it\\\/wp-content\\\/uploads\\\/2021\\\/04\\\/logo-SIMA-retina-1.png\",\"contentUrl\":\"https:\\\/\\\/societaitalianamanagement.it\\\/wp-content\\\/uploads\\\/2021\\\/04\\\/logo-SIMA-retina-1.png\",\"width\":800,\"height\":174,\"caption\":\"SIMA - Societ\u00e0 Italiana di Management\"},\"image\":{\"@id\":\"https:\\\/\\\/societaitalianamanagement.it\\\/#\\\/schema\\\/logo\\\/image\\\/\"}}]}<\/script>\n<!-- \/ Yoast SEO Premium plugin. -->","yoast_head_json":{"title":"Scuola di Metodologia e della Ricerca: Winter edition 2021 - SIMA - Societ&agrave; Italiana di Management","robots":{"index":"index","follow":"follow","max-snippet":"max-snippet:-1","max-image-preview":"max-image-preview:large","max-video-preview":"max-video-preview:-1"},"canonical":"https:\/\/societaitalianamanagement.it\/en\/attivita\/scuole\/scuola-di-metodologia-e-della-ricerca-winter-edition-2021\/","og_locale":"en_GB","og_type":"article","og_title":"Scuola di Metodologia e della Ricerca: Winter edition 2021","og_description":"Vi stavate chiedendo dove fosse finita la scuola di metodologia SIMA\/SIM?Ma \u00e8 pi\u00f9 viva che mai! E siamo pronti per la nuova edizione invernale, che sar\u00e0 [\u2026]","og_url":"https:\/\/societaitalianamanagement.it\/en\/attivita\/scuole\/scuola-di-metodologia-e-della-ricerca-winter-edition-2021\/","og_site_name":"SIMA - Societ&agrave; Italiana di Management","article_modified_time":"2021-04-28T14:18:39+00:00","og_image":[{"url":"https:\/\/societaitalianamanagement.it\/wp-content\/uploads\/2021\/04\/sima-winter-edition-2021-1024x716.png","type":"","width":"","height":""}],"twitter_card":"summary_large_image","twitter_misc":{"Estimated reading time":"1 minute"},"schema":{"@context":"https:\/\/schema.org","@graph":[{"@type":"WebPage","@id":"https:\/\/societaitalianamanagement.it\/attivita\/scuole\/scuola-di-metodologia-e-della-ricerca-winter-edition-2021\/","url":"https:\/\/societaitalianamanagement.it\/attivita\/scuole\/scuola-di-metodologia-e-della-ricerca-winter-edition-2021\/","name":"Scuola di Metodologia e della Ricerca: Winter edition 2021 - SIMA - Societ&agrave; Italiana di Management","isPartOf":{"@id":"https:\/\/societaitalianamanagement.it\/#website"},"primaryImageOfPage":{"@id":"https:\/\/societaitalianamanagement.it\/attivita\/scuole\/scuola-di-metodologia-e-della-ricerca-winter-edition-2021\/#primaryimage"},"image":{"@id":"https:\/\/societaitalianamanagement.it\/attivita\/scuole\/scuola-di-metodologia-e-della-ricerca-winter-edition-2021\/#primaryimage"},"thumbnailUrl":"https:\/\/societaitalianamanagement.it\/wp-content\/uploads\/2021\/04\/sima-winter-edition-2021-1024x716.png","datePublished":"2021-04-28T14:18:22+00:00","dateModified":"2021-04-28T14:18:39+00:00","breadcrumb":{"@id":"https:\/\/societaitalianamanagement.it\/attivita\/scuole\/scuola-di-metodologia-e-della-ricerca-winter-edition-2021\/#breadcrumb"},"inLanguage":"en-GB","potentialAction":[{"@type":"ReadAction","target":["https:\/\/societaitalianamanagement.it\/attivita\/scuole\/scuola-di-metodologia-e-della-ricerca-winter-edition-2021\/"]}]},{"@type":"ImageObject","inLanguage":"en-GB","@id":"https:\/\/societaitalianamanagement.it\/attivita\/scuole\/scuola-di-metodologia-e-della-ricerca-winter-edition-2021\/#primaryimage","url":"https:\/\/societaitalianamanagement.it\/wp-content\/uploads\/2021\/04\/sima-winter-edition-2021-1024x716.png","contentUrl":"https:\/\/societaitalianamanagement.it\/wp-content\/uploads\/2021\/04\/sima-winter-edition-2021-1024x716.png"},{"@type":"BreadcrumbList","@id":"https:\/\/societaitalianamanagement.it\/attivita\/scuole\/scuola-di-metodologia-e-della-ricerca-winter-edition-2021\/#breadcrumb","itemListElement":[{"@type":"ListItem","position":1,"name":"Home","item":"https:\/\/societaitalianamanagement.it\/"},{"@type":"ListItem","position":2,"name":"Attivit","item":"https:\/\/societaitalianamanagement.it\/attivita\/"},{"@type":"ListItem","position":3,"name":"Scuole","item":"https:\/\/societaitalianamanagement.it\/attivita\/scuole\/"},{"@type":"ListItem","position":4,"name":"Scuola di Metodologia e della Ricerca: Winter edition 2021"}]},{"@type":"WebSite","@id":"https:\/\/societaitalianamanagement.it\/#website","url":"https:\/\/societaitalianamanagement.it\/","name":"SIMA - Societ&agrave; Italiana di Management","description":"Societ&agrave; Italiana di Management","publisher":{"@id":"https:\/\/societaitalianamanagement.it\/#organization"},"potentialAction":[{"@type":"SearchAction","target":{"@type":"EntryPoint","urlTemplate":"https:\/\/societaitalianamanagement.it\/?s={search_term_string}"},"query-input":{"@type":"PropertyValueSpecification","valueRequired":true,"valueName":"search_term_string"}}],"inLanguage":"en-GB"},{"@type":"Organization","@id":"https:\/\/societaitalianamanagement.it\/#organization","name":"SIMA - Societ\u00e0 Italiana di Management","url":"https:\/\/societaitalianamanagement.it\/","logo":{"@type":"ImageObject","inLanguage":"en-GB","@id":"https:\/\/societaitalianamanagement.it\/#\/schema\/logo\/image\/","url":"https:\/\/societaitalianamanagement.it\/wp-content\/uploads\/2021\/04\/logo-SIMA-retina-1.png","contentUrl":"https:\/\/societaitalianamanagement.it\/wp-content\/uploads\/2021\/04\/logo-SIMA-retina-1.png","width":800,"height":174,"caption":"SIMA - Societ\u00e0 Italiana di Management"},"image":{"@id":"https:\/\/societaitalianamanagement.it\/#\/schema\/logo\/image\/"}}]}},"_links":{"self":[{"href":"https:\/\/societaitalianamanagement.it\/en\/wp-json\/wp\/v2\/pages\/5527","targetHints":{"allow":["GET"]}}],"collection":[{"href":"https:\/\/societaitalianamanagement.it\/en\/wp-json\/wp\/v2\/pages"}],"about":[{"href":"https:\/\/societaitalianamanagement.it\/en\/wp-json\/wp\/v2\/types\/page"}],"author":[{"embeddable":true,"href":"https:\/\/societaitalianamanagement.it\/en\/wp-json\/wp\/v2\/users\/1"}],"replies":[{"embeddable":true,"href":"https:\/\/societaitalianamanagement.it\/en\/wp-json\/wp\/v2\/comments?post=5527"}],"version-history":[{"count":1,"href":"https:\/\/societaitalianamanagement.it\/en\/wp-json\/wp\/v2\/pages\/5527\/revisions"}],"predecessor-version":[{"id":5530,"href":"https:\/\/societaitalianamanagement.it\/en\/wp-json\/wp\/v2\/pages\/5527\/revisions\/5530"}],"up":[{"embeddable":true,"href":"https:\/\/societaitalianamanagement.it\/en\/wp-json\/wp\/v2\/pages\/5494"}],"wp:attachment":[{"href":"https:\/\/societaitalianamanagement.it\/en\/wp-json\/wp\/v2\/media?parent=5527"}],"curies":[{"name":"wp","href":"https:\/\/api.w.org\/{rel}","templated":true}]}}